{"id":50,"date":"2015-10-01T00:10:26","date_gmt":"2015-09-30T21:10:26","guid":{"rendered":"http:\/\/alejandro.nautti.fi\/?page_id=50"},"modified":"2015-10-01T11:45:03","modified_gmt":"2015-10-01T08:45:03","slug":"tekijat","status":"publish","type":"page","link":"https:\/\/alejandro.nautti.fi\/index.php\/tekijat\/","title":{"rendered":"Tekij\u00e4t"},"content":{"rendered":"<p>Kilpailuty\u00f6n suunnittelu ja toteutus: Antti Nietula<\/p>\n<p>Kiitokset koodaus- &amp; graffa-avusta: Teemu Polvi<\/p>\n<p>&nbsp;<\/p>\n<p><strong>Pelin demossa k\u00e4ytet\u00e4\u00e4n seuraavia materiaaleja<\/strong><\/p>\n<pre>Following sound effects licensed under Creative Commons: By Attribution 3.0\r\n http:\/\/creativecommons.org\/licenses\/by\/3.0\/\r\n \"Askeleet soralla, soratie\", by YLE, https:\/\/www.freesound.org\/people\/YleArkisto\/sounds\/322568\/\r\n \"Running on Wood.wav\", by DJPhizz, https:\/\/www.freesound.org\/people\/DJPhizz\/sounds\/52377\/\r\n \"drumroll.wav\", by adriann, https:\/\/www.freesound.org\/people\/adriann\/sounds\/191718\/\r\n \"Fanfare 1.wav\", by primordiality, https:\/\/www.freesound.org\/people\/primordiality\/sounds\/78822\/\r\n \"Medieval Fanfare.aiff\", bytobyk, https:\/\/www.freesound.org\/people\/tobyk\/sounds\/26198\/<\/pre>\n<pre>Music:\r\n \"No Frills Cumbia\" Kevin MacLeod (incompetech.com)\r\n Licensed under Creative Commons: By Attribution 3.0\r\n http:\/\/creativecommons.org\/licenses\/by\/3.0\/<\/pre>\n<pre>\"Carnivale Intrigue\" Kevin MacLeod (incompetech.com)\r\n Licensed under Creative Commons: By Attribution 3.0\r\n http:\/\/creativecommons.org\/licenses\/by\/3.0\/<\/pre>\n","protected":false},"excerpt":{"rendered":"<p>Kilpailuty\u00f6n suunnittelu ja toteutus: Antti Nietula Kiitokset koodaus- &amp; graffa-avusta: Teemu Polvi &nbsp; Pelin demossa k\u00e4ytet\u00e4\u00e4n seuraavia materiaaleja Following sound effects licensed under Creative Commons: By Attribution 3.0 http:\/\/creativecommons.org\/licenses\/by\/3.0\/ &#8220;Askeleet soralla, soratie&#8221;, by YLE, https:\/\/www.freesound.org\/people\/YleArkisto\/sounds\/322568\/ &#8220;Running on Wood.wav&#8221;, by DJPhizz, https:\/\/www.freesound.org\/people\/DJPhizz\/sounds\/52377\/ &#8220;drumroll.wav&#8221;, by adriann, https:\/\/www.freesound.org\/people\/adriann\/sounds\/191718\/ &#8220;Fanfare 1.wav&#8221;, by primordiality, https:\/\/www.freesound.org\/people\/primordiality\/sounds\/78822\/ &#8220;Medieval Fanfare.aiff&#8221;, bytobyk, https:\/\/www.freesound.org\/people\/tobyk\/sounds\/26198\/ Music: [&hellip;]<\/p>\n","protected":false},"author":2,"featured_media":0,"parent":0,"menu_order":6,"comment_status":"closed","ping_status":"closed","template":"template-fullwidth.php","meta":{"footnotes":""},"class_list":["post-50","page","type-page","status-publish","hentry"],"_links":{"self":[{"href":"https:\/\/alejandro.nautti.fi\/index.php\/wp-json\/wp\/v2\/pages\/50","targetHints":{"allow":["GET"]}}],"collection":[{"href":"https:\/\/alejandro.nautti.fi\/index.php\/wp-json\/wp\/v2\/pages"}],"about":[{"href":"https:\/\/alejandro.nautti.fi\/index.php\/wp-json\/wp\/v2\/types\/page"}],"author":[{"embeddable":true,"href":"https:\/\/alejandro.nautti.fi\/index.php\/wp-json\/wp\/v2\/users\/2"}],"replies":[{"embeddable":true,"href":"https:\/\/alejandro.nautti.fi\/index.php\/wp-json\/wp\/v2\/comments?post=50"}],"version-history":[{"count":5,"href":"https:\/\/alejandro.nautti.fi\/index.php\/wp-json\/wp\/v2\/pages\/50\/revisions"}],"predecessor-version":[{"id":86,"href":"https:\/\/alejandro.nautti.fi\/index.php\/wp-json\/wp\/v2\/pages\/50\/revisions\/86"}],"wp:attachment":[{"href":"https:\/\/alejandro.nautti.fi\/index.php\/wp-json\/wp\/v2\/media?parent=50"}],"curies":[{"name":"wp","href":"https:\/\/api.w.org\/{rel}","templated":true}]}}