{"id":14,"date":"2015-09-30T21:55:52","date_gmt":"2015-09-30T18:55:52","guid":{"rendered":"http:\/\/alejandro.nautti.fi\/?page_id=14"},"modified":"2015-10-01T01:37:23","modified_gmt":"2015-09-30T22:37:23","slug":"laitteet","status":"publish","type":"page","link":"https:\/\/alejandro.nautti.fi\/index.php\/laitteet\/","title":{"rendered":"Laitteet"},"content":{"rendered":"<p>Alejandron aarre sopii pelattavaksi niin tietokoneella, tabletilla kuin k\u00e4nnyk\u00e4ll\u00e4. Peli soveltuu erinomaisesti niin isoihin kuin pienempiinkin n\u00e4ytt\u00f6ihin.\u00a0Aarteiden etsint\u00e4\u00e4n k\u00e4y hakun lis\u00e4ksi tietokoneen hiiri ja kosketuslaitteseen tahmautuva sormi. Aarteita voit siis l\u00e4hte\u00e4 etsim\u00e4\u00e4n milloin ja miss\u00e4 vain.\u00a0<a href=\"http:\/\/alejandro.nautti.fi\/wp-content\/uploads\/2015\/09\/alejandro-laitteet.jpg\"><img loading=\"lazy\" decoding=\"async\" class=\"alignnone size-large wp-image-15\" src=\"http:\/\/alejandro.nautti.fi\/wp-content\/uploads\/2015\/09\/alejandro-laitteet-1024x720.jpg\" alt=\"Laitteet\" width=\"1024\" height=\"720\" srcset=\"https:\/\/alejandro.nautti.fi\/wp-content\/uploads\/2015\/09\/alejandro-laitteet-1024x720.jpg 1024w, https:\/\/alejandro.nautti.fi\/wp-content\/uploads\/2015\/09\/alejandro-laitteet-300x211.jpg 300w, https:\/\/alejandro.nautti.fi\/wp-content\/uploads\/2015\/09\/alejandro-laitteet.jpg 1500w\" sizes=\"auto, (max-width: 1024px) 100vw, 1024px\" \/><\/a><\/p>\n","protected":false},"excerpt":{"rendered":"<p>Alejandron aarre sopii pelattavaksi niin tietokoneella, tabletilla kuin k\u00e4nnyk\u00e4ll\u00e4. Peli soveltuu erinomaisesti niin isoihin kuin pienempiinkin n\u00e4ytt\u00f6ihin.\u00a0Aarteiden etsint\u00e4\u00e4n k\u00e4y hakun lis\u00e4ksi tietokoneen hiiri ja kosketuslaitteseen tahmautuva sormi. Aarteita voit siis l\u00e4hte\u00e4 etsim\u00e4\u00e4n milloin ja miss\u00e4 vain.\u00a0<\/p>\n","protected":false},"author":2,"featured_media":0,"parent":0,"menu_order":5,"comment_status":"closed","ping_status":"closed","template":"template-fullwidth.php","meta":{"footnotes":""},"class_list":["post-14","page","type-page","status-publish","hentry"],"_links":{"self":[{"href":"https:\/\/alejandro.nautti.fi\/index.php\/wp-json\/wp\/v2\/pages\/14","targetHints":{"allow":["GET"]}}],"collection":[{"href":"https:\/\/alejandro.nautti.fi\/index.php\/wp-json\/wp\/v2\/pages"}],"about":[{"href":"https:\/\/alejandro.nautti.fi\/index.php\/wp-json\/wp\/v2\/types\/page"}],"author":[{"embeddable":true,"href":"https:\/\/alejandro.nautti.fi\/index.php\/wp-json\/wp\/v2\/users\/2"}],"replies":[{"embeddable":true,"href":"https:\/\/alejandro.nautti.fi\/index.php\/wp-json\/wp\/v2\/comments?post=14"}],"version-history":[{"count":4,"href":"https:\/\/alejandro.nautti.fi\/index.php\/wp-json\/wp\/v2\/pages\/14\/revisions"}],"predecessor-version":[{"id":30,"href":"https:\/\/alejandro.nautti.fi\/index.php\/wp-json\/wp\/v2\/pages\/14\/revisions\/30"}],"wp:attachment":[{"href":"https:\/\/alejandro.nautti.fi\/index.php\/wp-json\/wp\/v2\/media?parent=14"}],"curies":[{"name":"wp","href":"https:\/\/api.w.org\/{rel}","templated":true}]}}