{"id":12,"date":"2015-09-30T21:52:25","date_gmt":"2015-09-30T18:52:25","guid":{"rendered":"http:\/\/alejandro.nautti.fi\/?page_id=12"},"modified":"2015-10-01T11:14:51","modified_gmt":"2015-10-01T08:14:51","slug":"visuaalisuus","status":"publish","type":"page","link":"https:\/\/alejandro.nautti.fi\/index.php\/visuaalisuus\/","title":{"rendered":"Visuaalisuus"},"content":{"rendered":"<p><a href=\"http:\/\/alejandro.nautti.fi\/wp-content\/uploads\/2015\/09\/tippuu.gif\"><img loading=\"lazy\" decoding=\"async\" class=\"alignleft size-full wp-image-80\" src=\"http:\/\/alejandro.nautti.fi\/wp-content\/uploads\/2015\/09\/tippuu.gif\" alt=\"tippuu\" width=\"110\" height=\"121\" \/><\/a>Peli pit\u00e4\u00e4 sis\u00e4ll\u00e4\u00e4n rikkaita v\u00e4rimaailmoja ja maisemia, jotka vaihtelevat kartalta valittujen alueiden mukaan. Kun hakku isket\u00e4\u00e4n maahan ja ty\u00f6t alkavat, niin hiekka lent\u00e4\u00e4 ja hiki virtaa. Onkaloissa vastaan tulevat esteet vaihtelevat sijainnin mukaan.\u00a0<span style=\"line-height: 1.5;\">Mit\u00e4 syvemm\u00e4lle kaivat, sit\u00e4 v\u00e4hemm\u00e4n on valoa. Maaper\u00e4 vaihtelee kerroksittain, synkkenee syvyyden mukaan ja saatat ohittaa maatuvia luurankoja, massivisia lohkareita tai muinaisia fossiileita. <\/span><\/p>\n<p><span style=\"line-height: 1.5;\">Kartan eri alueet mahdollistavat lukuisia erilaisia leikkisi\u00e4 vaihtoehtoja siihen, mit\u00e4 maan alla voi tulla vastaan &#8211; pudonnut avaruusalus, maanalaisia luolaihmisi\u00e4, mittaamattomia aarteita, ansoja ja tukalia paikkoja. My\u00f6s\u00a0kaivausten l\u00e4ht\u00f6ruudut muuttuvat ja mukautuvat valitun pisteen mukaan. Kartalta voit valita valtaukset esimerkiksi <em>vesiputoukselta<\/em>, <em>viidakosta<\/em>, <em>aavikolta<\/em>, <em>rannalta<\/em> tai <em>vuoristosta<\/em>.\u00a0<\/span><\/p>\n<p><span style=\"line-height: 1.5;\">\u00c4\u00e4nimaailmakin mukautuu siihen, kuinka syv\u00e4ll\u00e4 menn\u00e4\u00e4n. Sein\u00e4mien takaa voit kuulla pulputtavia laavavirtoja, menneiden mainareiden hakkujen kilkkeen tai jotain muuta, joka nostaa niskavillasi pystyyn.\u00a0<\/span><\/p>\n<p><a href=\"http:\/\/alejandro.nautti.fi\/wp-content\/uploads\/2015\/09\/devi.jpg\"><img loading=\"lazy\" decoding=\"async\" class=\"aligncenter wp-image-81 size-large\" src=\"http:\/\/alejandro.nautti.fi\/wp-content\/uploads\/2015\/09\/devi-1024x250.jpg\" alt=\"devi\" width=\"730\" height=\"178\" srcset=\"https:\/\/alejandro.nautti.fi\/wp-content\/uploads\/2015\/09\/devi-1024x250.jpg 1024w, https:\/\/alejandro.nautti.fi\/wp-content\/uploads\/2015\/09\/devi-300x73.jpg 300w\" sizes=\"auto, (max-width: 730px) 100vw, 730px\" \/><\/a><a href=\"http:\/\/alejandro.nautti.fi\/wp-content\/uploads\/2015\/09\/Photo-19.9.2015-15.02.46.jpg\"><\/p>\n<p><\/a><\/p>\n","protected":false},"excerpt":{"rendered":"<p>Peli pit\u00e4\u00e4 sis\u00e4ll\u00e4\u00e4n rikkaita v\u00e4rimaailmoja ja maisemia, jotka vaihtelevat kartalta valittujen alueiden mukaan. Kun hakku isket\u00e4\u00e4n maahan ja ty\u00f6t alkavat, niin hiekka lent\u00e4\u00e4 ja hiki virtaa. Onkaloissa vastaan tulevat esteet vaihtelevat sijainnin mukaan.\u00a0Mit\u00e4 syvemm\u00e4lle kaivat, sit\u00e4 v\u00e4hemm\u00e4n on valoa. Maaper\u00e4 vaihtelee kerroksittain, synkkenee syvyyden mukaan ja saatat ohittaa maatuvia luurankoja, massivisia lohkareita tai muinaisia fossiileita. [&hellip;]<\/p>\n","protected":false},"author":1,"featured_media":0,"parent":0,"menu_order":2,"comment_status":"closed","ping_status":"closed","template":"template-fullwidth.php","meta":{"footnotes":""},"class_list":["post-12","page","type-page","status-publish","hentry"],"_links":{"self":[{"href":"https:\/\/alejandro.nautti.fi\/index.php\/wp-json\/wp\/v2\/pages\/12","targetHints":{"allow":["GET"]}}],"collection":[{"href":"https:\/\/alejandro.nautti.fi\/index.php\/wp-json\/wp\/v2\/pages"}],"about":[{"href":"https:\/\/alejandro.nautti.fi\/index.php\/wp-json\/wp\/v2\/types\/page"}],"author":[{"embeddable":true,"href":"https:\/\/alejandro.nautti.fi\/index.php\/wp-json\/wp\/v2\/users\/1"}],"replies":[{"embeddable":true,"href":"https:\/\/alejandro.nautti.fi\/index.php\/wp-json\/wp\/v2\/comments?post=12"}],"version-history":[{"count":5,"href":"https:\/\/alejandro.nautti.fi\/index.php\/wp-json\/wp\/v2\/pages\/12\/revisions"}],"predecessor-version":[{"id":82,"href":"https:\/\/alejandro.nautti.fi\/index.php\/wp-json\/wp\/v2\/pages\/12\/revisions\/82"}],"wp:attachment":[{"href":"https:\/\/alejandro.nautti.fi\/index.php\/wp-json\/wp\/v2\/media?parent=12"}],"curies":[{"name":"wp","href":"https:\/\/api.w.org\/{rel}","templated":true}]}}